{"id":8729,"date":"2026-03-03T10:55:50","date_gmt":"2026-03-03T09:55:50","guid":{"rendered":"https:\/\/www.systel.de\/?page_id=8729"},"modified":"2026-03-03T13:32:51","modified_gmt":"2026-03-03T12:32:51","slug":"click2dial6","status":"publish","type":"page","link":"https:\/\/www.systel.de\/en\/click2dial6\/","title":{"rendered":"click2dial6"},"content":{"rendered":"\n<div style=\"height:20px\" aria-hidden=\"true\" class=\"wp-block-spacer\"><\/div>\n\n\n\n<figure class=\"wp-block-image size-medium\"><img loading=\"lazy\" decoding=\"async\" width=\"300\" height=\"98\" src=\"https:\/\/www.systel.de\/wp-content\/uploads\/2026\/03\/click2dial6_logo_blau-300x98.png\" alt=\"\" class=\"wp-image-8940\" srcset=\"https:\/\/www.systel.de\/wp-content\/uploads\/2026\/03\/click2dial6_logo_blau-300x98.png 300w, https:\/\/www.systel.de\/wp-content\/uploads\/2026\/03\/click2dial6_logo_blau-768x250.png 768w, https:\/\/www.systel.de\/wp-content\/uploads\/2026\/03\/click2dial6_logo_blau-500x163.png 500w, https:\/\/www.systel.de\/wp-content\/uploads\/2026\/03\/click2dial6_logo_blau.png 800w\" sizes=\"auto, (max-width: 300px) 100vw, 300px\" \/><\/figure>\n\n\n\n<h1 class=\"wp-block-heading\">die CTI, die Ihre Unternehmenskommunikation vereinfacht<\/h1>\n\n\n\n<div style=\"height:10px\" aria-hidden=\"true\" class=\"wp-block-spacer\"><\/div>\n\n\n\n<h3 class=\"wp-block-heading\">Schon beim Klingeln sehen wer anruft, durch Anbindung verschiedener Datenbanken.<\/h3>\n\n\n\n<figure class=\"wp-block-image size-full\"><img loading=\"lazy\" decoding=\"async\" width=\"320\" height=\"230\" src=\"https:\/\/www.systel.de\/wp-content\/uploads\/2026\/03\/Anruferpopup2.png\" alt=\"\" class=\"wp-image-8946\" srcset=\"https:\/\/www.systel.de\/wp-content\/uploads\/2026\/03\/Anruferpopup2.png 320w, https:\/\/www.systel.de\/wp-content\/uploads\/2026\/03\/Anruferpopup2-300x216.png 300w\" sizes=\"auto, (max-width: 320px) 100vw, 320px\" \/><\/figure>\n\n\n\n<div style=\"height:10px\" aria-hidden=\"true\" class=\"wp-block-spacer\"><\/div>\n\n\n\n<h3 class=\"wp-block-heading\">Anrufe annehmen. Gespr\u00e4che in Halten setzen und 3er Konferenzen starten.<\/h3>\n\n\n\n<h3 class=\"wp-block-heading\">Keine Rufnummern mehr (ver)tippen, Anrufe t\u00e4tigen per Klick.<\/h3>\n\n\n\n<div style=\"height:20px\" aria-hidden=\"true\" class=\"wp-block-spacer\"><\/div>\n\n\n\n<h3 class=\"wp-block-heading\">Eine R\u00fcckrufbitte mit den automatisch eingetragenen Anrufer-Informationen \u00fcber E-Mail senden.<\/h3>\n\n\n\n<figure class=\"wp-block-image size-full\"><img loading=\"lazy\" decoding=\"async\" width=\"915\" height=\"402\" src=\"https:\/\/www.systel.de\/wp-content\/uploads\/2026\/03\/Rueckruf.png\" alt=\"\" class=\"wp-image-8927\" srcset=\"https:\/\/www.systel.de\/wp-content\/uploads\/2026\/03\/Rueckruf.png 915w, https:\/\/www.systel.de\/wp-content\/uploads\/2026\/03\/Rueckruf-300x132.png 300w, https:\/\/www.systel.de\/wp-content\/uploads\/2026\/03\/Rueckruf-768x337.png 768w, https:\/\/www.systel.de\/wp-content\/uploads\/2026\/03\/Rueckruf-500x220.png 500w, https:\/\/www.systel.de\/wp-content\/uploads\/2026\/03\/Rueckruf-800x351.png 800w\" sizes=\"auto, (max-width: 915px) 100vw, 915px\" \/><\/figure>\n\n\n\n<div style=\"height:40px\" aria-hidden=\"true\" class=\"wp-block-spacer\"><\/div>\n\n\n\n<h3 class=\"wp-block-heading\">Get\u00e4tigte und verpasste Gespr\u00e4che im Anruferjournal.<\/h3>\n\n\n\n<figure class=\"wp-block-image size-full\"><img loading=\"lazy\" decoding=\"async\" width=\"915\" height=\"650\" src=\"https:\/\/www.systel.de\/wp-content\/uploads\/2026\/03\/Journal2.png\" alt=\"\" class=\"wp-image-8947\" srcset=\"https:\/\/www.systel.de\/wp-content\/uploads\/2026\/03\/Journal2.png 915w, https:\/\/www.systel.de\/wp-content\/uploads\/2026\/03\/Journal2-300x213.png 300w, https:\/\/www.systel.de\/wp-content\/uploads\/2026\/03\/Journal2-768x546.png 768w, https:\/\/www.systel.de\/wp-content\/uploads\/2026\/03\/Journal2-500x355.png 500w, https:\/\/www.systel.de\/wp-content\/uploads\/2026\/03\/Journal2-800x568.png 800w\" sizes=\"auto, (max-width: 915px) 100vw, 915px\" \/><\/figure>\n\n\n\n<div style=\"height:40px\" aria-hidden=\"true\" class=\"wp-block-spacer\"><\/div>\n\n\n\n<h3 class=\"wp-block-heading\">\u00dcbersichtliches Telefonbuch mit M\u00f6glichkeit individuelle Gruppen anzulegen.<\/h3>\n\n\n\n<figure class=\"wp-block-image size-full\"><img loading=\"lazy\" decoding=\"async\" width=\"915\" height=\"650\" src=\"https:\/\/www.systel.de\/wp-content\/uploads\/2026\/03\/Kontakte2.png\" alt=\"\" class=\"wp-image-8948\" srcset=\"https:\/\/www.systel.de\/wp-content\/uploads\/2026\/03\/Kontakte2.png 915w, https:\/\/www.systel.de\/wp-content\/uploads\/2026\/03\/Kontakte2-300x213.png 300w, https:\/\/www.systel.de\/wp-content\/uploads\/2026\/03\/Kontakte2-768x546.png 768w, https:\/\/www.systel.de\/wp-content\/uploads\/2026\/03\/Kontakte2-500x355.png 500w, https:\/\/www.systel.de\/wp-content\/uploads\/2026\/03\/Kontakte2-800x568.png 800w\" sizes=\"auto, (max-width: 915px) 100vw, 915px\" \/><\/figure>\n\n\n\n<div style=\"height:40px\" aria-hidden=\"true\" class=\"wp-block-spacer\"><\/div>\n\n\n\n<h3 class=\"wp-block-heading\">Optimale Vernetzung Ihrer Mitarbeiter-Teams durch individuelle Usergruppen. Sehen wer gerade verf\u00fcgbar ist, egal ob im Home Office oder B\u00fcro.<\/h3>\n\n\n\n<figure class=\"wp-block-image size-full\"><img loading=\"lazy\" decoding=\"async\" width=\"915\" height=\"650\" src=\"https:\/\/www.systel.de\/wp-content\/uploads\/2026\/03\/Team2.png\" alt=\"\" class=\"wp-image-8949\" srcset=\"https:\/\/www.systel.de\/wp-content\/uploads\/2026\/03\/Team2.png 915w, https:\/\/www.systel.de\/wp-content\/uploads\/2026\/03\/Team2-300x213.png 300w, https:\/\/www.systel.de\/wp-content\/uploads\/2026\/03\/Team2-768x546.png 768w, https:\/\/www.systel.de\/wp-content\/uploads\/2026\/03\/Team2-500x355.png 500w, https:\/\/www.systel.de\/wp-content\/uploads\/2026\/03\/Team2-800x568.png 800w\" sizes=\"auto, (max-width: 915px) 100vw, 915px\" \/><\/figure>\n\n\n\n<div style=\"height:20px\" aria-hidden=\"true\" class=\"wp-block-spacer\"><\/div>\n\n\n\n<div class=\"wp-block-buttons is-layout-flex wp-block-buttons-is-layout-flex\">\n<div class=\"wp-block-button\"><a class=\"wp-block-button__link has-background wp-element-button\" href=\"https:\/\/www.systel.de\/wp-content\/uploads\/2026\/03\/click2dial6-Client-Praesentation-Stand-26.02.2026.pdf\" style=\"background-color:#28418e\">Flyer downloaden<\/a><\/div>\n\n\n\n<div class=\"wp-block-button\"><a class=\"wp-block-button__link has-background wp-element-button\" href=\"mailto:vetrieb@systel.de\" style=\"background-color:#28418e\">Jetzt Beta testen! &#8211; E-Mail an vertrieb@systel.de<\/a><\/div>\n<\/div>\n\n\n\n<p class=\"wp-block-paragraph\"><\/p>\n","protected":false},"excerpt":{"rendered":"<p>die CTI, die Ihre Unternehmenskommunikation vereinfacht Schon beim Klingeln sehen wer anruft, durch Anbindung verschiedener Datenbanken. Anrufe annehmen. Gespr\u00e4che in Halten setzen und 3er Konferenzen starten. Keine Rufnummern mehr (ver)tippen, Anrufe t\u00e4tigen per Klick. Eine R\u00fcckrufbitte mit den automatisch eingetragenen Anrufer-Informationen \u00fcber E-Mail senden. Get\u00e4tigte und verpasste Gespr\u00e4che im Anruferjournal. \u00dcbersichtliches Telefonbuch mit M\u00f6glichkeit individuelle [&hellip;]<\/p>\n","protected":false},"author":5,"featured_media":0,"parent":0,"menu_order":0,"comment_status":"closed","ping_status":"closed","template":"","meta":{"_crdt_document":"","footnotes":""},"class_list":["post-8729","page","type-page","status-publish","hentry"],"translation":{"provider":"WPGlobus","version":"3.0.2","language":"en","enabled_languages":["de","en"],"languages":{"de":{"title":true,"content":true,"excerpt":false},"en":{"title":false,"content":false,"excerpt":false}}},"post_mailing_queue_ids":[],"_links":{"self":[{"href":"https:\/\/www.systel.de\/en\/wp-json\/wp\/v2\/pages\/8729","targetHints":{"allow":["GET"]}}],"collection":[{"href":"https:\/\/www.systel.de\/en\/wp-json\/wp\/v2\/pages"}],"about":[{"href":"https:\/\/www.systel.de\/en\/wp-json\/wp\/v2\/types\/page"}],"author":[{"embeddable":true,"href":"https:\/\/www.systel.de\/en\/wp-json\/wp\/v2\/users\/5"}],"replies":[{"embeddable":true,"href":"https:\/\/www.systel.de\/en\/wp-json\/wp\/v2\/comments?post=8729"}],"version-history":[{"count":27,"href":"https:\/\/www.systel.de\/en\/wp-json\/wp\/v2\/pages\/8729\/revisions"}],"predecessor-version":[{"id":8960,"href":"https:\/\/www.systel.de\/en\/wp-json\/wp\/v2\/pages\/8729\/revisions\/8960"}],"wp:attachment":[{"href":"https:\/\/www.systel.de\/en\/wp-json\/wp\/v2\/media?parent=8729"}],"curies":[{"name":"wp","href":"https:\/\/api.w.org\/{rel}","templated":true}]}}