{"id":7945,"date":"2024-07-01T14:18:07","date_gmt":"2024-07-01T13:18:07","guid":{"rendered":"https:\/\/www.systel.de\/?page_id=7945"},"modified":"2025-04-25T10:46:09","modified_gmt":"2025-04-25T09:46:09","slug":"sip-trunk","status":"publish","type":"page","link":"https:\/\/www.systel.de\/en\/sip-trunk\/","title":{"rendered":"SIP-Anschluss"},"content":{"rendered":"<h1>SIP-Anschluss von systel<\/h1>\n<p><img loading=\"lazy\" decoding=\"async\" class=\"size-full wp-image-8450 alignnone\" src=\"https:\/\/www.systel.de\/wp-content\/uploads\/2025\/04\/SIP-Trunk.png\" alt=\"\" width=\"547\" height=\"190\" srcset=\"https:\/\/www.systel.de\/wp-content\/uploads\/2025\/04\/SIP-Trunk.png 547w, https:\/\/www.systel.de\/wp-content\/uploads\/2025\/04\/SIP-Trunk-300x104.png 300w, https:\/\/www.systel.de\/wp-content\/uploads\/2025\/04\/SIP-Trunk-500x174.png 500w\" sizes=\"auto, (max-width: 547px) 100vw, 547px\" \/><\/p>\n<p>Unser SIP-Anschluss bringt gleich mehrere Vorteile mit. Sie ben\u00f6tigen keine teuren ISDN- oder Prim\u00e4rmultiplex-Anschl\u00fcsse mehr, und k\u00f6nnen somit auch Ihre Gespr\u00e4chsgeb\u00fchren optimieren.<br \/>\nEin SIP-Anschluss kann auch als Erg\u00e4nzung zu einem bestehenden Anschluss genutzt werden, um z.B. weitere Gespr\u00e4chskan\u00e4le zur Verf\u00fcgung zu stellen.<br \/>\nDer SIP-Anschluss macht keine Unterschiede zwischen Anlagen- und Mehrger\u00e4teanschl\u00fcssen. Dieser kann vielmehr nicht nur verschiedene Rufnummernformate auf einem Anschluss kombinieren sondern auch Rufnummern aus verschiedenen Ortsnetzen zentral verwalten.<\/p>\n<h2>Leistungsmerkmale SIP-Anschluss<\/h2>\n<ul>\n<li><a href=\"#Verf\u00fcgbarkeit\">Verf\u00fcgbarkeit<\/a><\/li>\n<li><a href=\"#Verschl\u00fcsseln\">Verschl\u00fcsseln<\/a><\/li>\n<li><a href=\"#Rufumleitung im Amt\">Rufumleitung im Amt<\/a><\/li>\n<li><a href=\"#CLIP no Screening\">CLIP no Screening<\/a><\/li>\n<li><a href=\"#Faxen\">Faxen<\/a><\/li>\n<li><a href=\"#Flexibel\">Flexibel<\/a><\/li>\n<li><a href=\"#Fallback\">Fallback<\/a><\/li>\n<li><a href=\"#Zertifizierung\">Zertifizierung<\/a><\/li>\n<li><a href=\"#Gespr\u00e4che aufzeichnen\">Gespr\u00e4che aufzeichnen<\/a><\/li>\n<li><a href=\"#Sanfte Migration\">Sanfte Migration<\/a><\/li>\n<\/ul>\n<hr \/>\n<h2><a name=\"Verf\u00fcgbarkeit\"><\/a>Verf\u00fcgbarkeit<\/h2>\n<p>Mit einer Verf\u00fcgbarkeit von 99,99 % gehen Sie auf Nummer sicher, wenn es um Ihre Erreichbarkeit geht. Damit diese auch unabh\u00e4ngig von Ihrer lokalen Infrastruktur wie Internet, Router, Telefonanlage etc. ist, k\u00f6nnen Sie Funktionen wie automatisches Fallback bei Nichterreichbarkeit der Telefonanlage nutzen. Zus\u00e4tzlich k\u00f6nnen Sie sogar bei Ausfall Ihrer Telefonanlage \u00fcber eine App abgehende Gespr\u00e4che mit Ihrem Mobiltelefon \u00fcber den SIP-Anschluss mit Anzeige Ihrer B\u00fcronummer f\u00fchren.<\/p>\n<h2><a name=\"Verschl\u00fcsseln\"><\/a>Verschl\u00fcsseln<\/h2>\n<p>Nat\u00fcrlich k\u00f6nnen Sie Ihre Gespr\u00e4che auch per S-RTP\/TLS verschl\u00fcsseln, wenn die Telefonanlage dieses ebenfalls unterst\u00fctzt.<\/p>\n<h2><a name=\"Rufumleitung im Amt\"><\/a>Rufumleitung im Amt<\/h2>\n<p>Unser SIP-Anschluss bietet die Option, f\u00fcr jede einzelne Durchwahl ein eigenes Rufweiterleitungsziel zu definieren. So k\u00f6nnen Sie auch standort\u00fcbergreifend immer eine f\u00fcr Sie optimale Rufverteilung einrichten.<\/p>\n<h2><a name=\"CLIP no Screening\"><\/a>CLIP no Screening<\/h2>\n<p>Mit CLIP no Screening k\u00f6nnen Sie f\u00fcr abgehende Anrufe festlegen, dass dem angerufenen Teilnehmer eine individuelle, von Ihnen selbst in der TK-Anlage festgelegte Rufnummer angezeigt wird.<\/p>\n<h2><a name=\"Faxen\"><\/a>Faxen<\/h2>\n<p>Beim Thema Fax wird es ernst. Damit Sie wie gewohnt diesen Dienst weiter nutzen k\u00f6nnen, stellen wir neben dem Standard G.711 gleich drei verschiedene Auspr\u00e4gungen des T.38 Protokolls zur Verf\u00fcgung, damit Sie die f\u00fcr Sie beste Variante w\u00e4hlen k\u00f6nnen. M\u00f6chten Sie kein klassisches Faxger\u00e4t mehr nutzen, k\u00f6nnen Sie auch in Kombination mit unserem SIP-Anschluss Fax2Mail und Mail2Fax nutzen. Hier werden eingehende Faxe per E-Mail als PDF zugestellt, ausgehende Faxe k\u00f6nnen entweder per E-Mail oder \u00fcber das Kundenportal versendet werden.<\/p>\n<h2><a name=\"Flexibel\"><\/a>Flexibel<\/h2>\n<p>Saisonale Schwankungen in Punkto Sprachkan\u00e4le sind von nun an kein Problem mehr, Sie haben jederzeit die M\u00f6glichkeit mehr oder weniger Sprachkan\u00e4le zu nutzen.<\/p>\n<h2><a name=\"Fallback\"><\/a>Fallback<\/h2>\n<p>Erreichbarkeit wird immer wichtiger. Internetanschl\u00fcsse bieten in der Regel lediglich eine Verf\u00fcgbarkeit von 96,5%. Um auch hier eine dauerhafte Erreichbarkeit zu gew\u00e4hrleisten, bietet unser SIP-Anschluss gleich mehrere M\u00f6glichkeiten, kommende Anrufe nicht zu verlieren. Das Fallback greift bei Nichterreichen der TK-Anlage. Es k\u00f6nnen entweder eine oder mehrere Rufnummern f\u00fcr alle eingehenden Anrufe hinterlegt werden oder aber auch je Durchwahl eine eigene Rufnummer definiert werden.<\/p>\n<h2><a name=\"Zertifizierung\"><\/a>Zertifizierung<\/h2>\n<p>Jede Telefonanlage ist anders. Daher ist es umso wichtiger, dass man als Anbieter von SIP-Anschl\u00fcssen \u00fcber eine entsprechende Zertifizierung f\u00fcr das jeweilige Telefonsystem verf\u00fcgt. Dadurch ist sichergestellt, dass beides miteinander harmoniert.<\/p>\n<h2><a name=\"Gespr\u00e4che aufzeichnen\"><\/a>Gespr\u00e4che aufzeichnen<\/h2>\n<p>Ihre vorhandene Telefonanlage unterst\u00fctzt keine Gespr\u00e4chsaufzeichnungen? Kein Problem. Diese Funktion stellt Ihnen unser SIP-Anschluss einfach und komfortabel zur Verf\u00fcgung.<\/p>\n<h2><a name=\"Sanfte Migration\"><\/a>Sanfte Migration<\/h2>\n<p>Eine sanfte Migration ist in verschiedenen Konstellationen m\u00f6glich. Egal ob nur ein Standort abteilungsweise migriert werden soll oder ob ein Unternehmen mit mehreren Niederlassungen standortweise migriert werden soll. Interne Gespr\u00e4che sind weiterhin system\u00fcbergreifend \u00fcber die gewohnten internen Rufnummern m\u00f6glich. Lediglich der Pr\u00e4senzstatus kann nicht system\u00fcbergreifend dargestellt werden.<\/p>\n<p><strong>Der Start in die moderne Welt der Kommunikation kann leichter nicht sein.<\/strong><\/p>\n<p>Machen Sie den Vergleich &#8211; jetzt unverbindlich Anfragen <a href=\"mailto:vertrieb@systel.de\">vertrieb@systel.de<\/a> oder am Telefon <a href=\"tel:+497031416168168\">+49 7031\/416168-168<\/a><\/p>\n","protected":false},"excerpt":{"rendered":"<p>SIP-Anschluss von systel Unser SIP-Anschluss bringt gleich mehrere Vorteile mit. Sie ben\u00f6tigen keine teuren ISDN- oder Prim\u00e4rmultiplex-Anschl\u00fcsse mehr, und k\u00f6nnen somit auch Ihre Gespr\u00e4chsgeb\u00fchren optimieren. Ein SIP-Anschluss kann auch als Erg\u00e4nzung zu einem bestehenden Anschluss genutzt werden, um z.B. weitere Gespr\u00e4chskan\u00e4le zur Verf\u00fcgung zu stellen. Der SIP-Anschluss macht keine Unterschiede zwischen Anlagen- und Mehrger\u00e4teanschl\u00fcssen. Dieser [&hellip;]<\/p>\n","protected":false},"author":4,"featured_media":0,"parent":0,"menu_order":0,"comment_status":"closed","ping_status":"closed","template":"","meta":{"_crdt_document":"","footnotes":""},"class_list":["post-7945","page","type-page","status-publish","hentry"],"translation":{"provider":"WPGlobus","version":"3.0.2","language":"en","enabled_languages":["de","en"],"languages":{"de":{"title":true,"content":true,"excerpt":false},"en":{"title":false,"content":false,"excerpt":false}}},"post_mailing_queue_ids":[],"_links":{"self":[{"href":"https:\/\/www.systel.de\/en\/wp-json\/wp\/v2\/pages\/7945","targetHints":{"allow":["GET"]}}],"collection":[{"href":"https:\/\/www.systel.de\/en\/wp-json\/wp\/v2\/pages"}],"about":[{"href":"https:\/\/www.systel.de\/en\/wp-json\/wp\/v2\/types\/page"}],"author":[{"embeddable":true,"href":"https:\/\/www.systel.de\/en\/wp-json\/wp\/v2\/users\/4"}],"replies":[{"embeddable":true,"href":"https:\/\/www.systel.de\/en\/wp-json\/wp\/v2\/comments?post=7945"}],"version-history":[{"count":0,"href":"https:\/\/www.systel.de\/en\/wp-json\/wp\/v2\/pages\/7945\/revisions"}],"wp:attachment":[{"href":"https:\/\/www.systel.de\/en\/wp-json\/wp\/v2\/media?parent=7945"}],"curies":[{"name":"wp","href":"https:\/\/api.w.org\/{rel}","templated":true}]}}