{"id":7455,"date":"2023-09-15T08:09:13","date_gmt":"2023-09-15T07:09:13","guid":{"rendered":"https:\/\/www.systel.de\/?page_id=7455"},"modified":"2023-09-22T07:40:47","modified_gmt":"2023-09-22T06:40:47","slug":"hybrides-arbeiten","status":"publish","type":"page","link":"https:\/\/www.systel.de\/en\/click2dial5\/hybrides-arbeiten\/","title":{"rendered":"Hybrides Arbeiten"},"content":{"rendered":"<h1>Homeoffice Arbeitspl\u00e4tze mit click2dial5<\/h1>\n<ul>\n<li>alle Kontakte aus verschiedenen Datenquellen (TK-Kontakte, ODBC, LDAP, Outlook, IBM Notes) im B\u00fcro und zu Hause verf\u00fcgbar<\/li>\n<li>Anmeldung im Call Center m\u00f6glich<\/li>\n<li>Call Center-, Kalender-, Statusinformationen in der Teamansicht verf\u00fcgbar<\/li>\n<li>in Verbindung mit einem Desksharing Benutzer m\u00f6glich<\/li>\n<li>Ziel ist im PSTN oder Nomadic Mode frei definierbar (Handy, Private Rufnummer, Hotel\u2026)<\/li>\n<li>ein gemeinsames Anrufer Journal<\/li>\n<li>gleiches Handling ob im B\u00fcro oder zu Hause<\/li>\n<li>u.v.m.<\/li>\n<\/ul>\n<p>Diese verschiedene Varianten sind verf\u00fcgbar:<br \/>\n<img loading=\"lazy\" decoding=\"async\" class=\"aligncenter size-full wp-image-4274\" src=\"https:\/\/www.systel.de\/wp-content\/uploads\/Images\/Aktuelles\/18.03.2020\/click2dial5_TandemMode.jpg\" alt=\"\" width=\"900\" height=\"506\" srcset=\"https:\/\/www.systel.de\/wp-content\/uploads\/Images\/Aktuelles\/18.03.2020\/click2dial5_TandemMode.jpg 900w, https:\/\/www.systel.de\/wp-content\/uploads\/Images\/Aktuelles\/18.03.2020\/click2dial5_TandemMode-300x169.jpg 300w, https:\/\/www.systel.de\/wp-content\/uploads\/Images\/Aktuelles\/18.03.2020\/click2dial5_TandemMode-768x432.jpg 768w, https:\/\/www.systel.de\/wp-content\/uploads\/Images\/Aktuelles\/18.03.2020\/click2dial5_TandemMode-500x281.jpg 500w, https:\/\/www.systel.de\/wp-content\/uploads\/Images\/Aktuelles\/18.03.2020\/click2dial5_TandemMode-800x450.jpg 800w\" sizes=\"auto, (max-width: 900px) 100vw, 900px\" \/><\/p>\n<p><img loading=\"lazy\" decoding=\"async\" class=\"aligncenter size-full wp-image-4278\" src=\"https:\/\/www.systel.de\/wp-content\/uploads\/Images\/Aktuelles\/18.03.2020\/click2dial5_NomadicMode.jpg\" alt=\"\" width=\"900\" height=\"506\" srcset=\"https:\/\/www.systel.de\/wp-content\/uploads\/Images\/Aktuelles\/18.03.2020\/click2dial5_NomadicMode.jpg 900w, https:\/\/www.systel.de\/wp-content\/uploads\/Images\/Aktuelles\/18.03.2020\/click2dial5_NomadicMode-300x169.jpg 300w, https:\/\/www.systel.de\/wp-content\/uploads\/Images\/Aktuelles\/18.03.2020\/click2dial5_NomadicMode-768x432.jpg 768w, https:\/\/www.systel.de\/wp-content\/uploads\/Images\/Aktuelles\/18.03.2020\/click2dial5_NomadicMode-500x281.jpg 500w, https:\/\/www.systel.de\/wp-content\/uploads\/Images\/Aktuelles\/18.03.2020\/click2dial5_NomadicMode-800x450.jpg 800w\" sizes=\"auto, (max-width: 900px) 100vw, 900px\" \/><\/p>\n<p><img loading=\"lazy\" decoding=\"async\" class=\"aligncenter size-full wp-image-4277\" src=\"https:\/\/www.systel.de\/wp-content\/uploads\/Images\/Aktuelles\/18.03.2020\/click2dial5_PCMode.jpg\" alt=\"\" width=\"900\" height=\"506\" srcset=\"https:\/\/www.systel.de\/wp-content\/uploads\/Images\/Aktuelles\/18.03.2020\/click2dial5_PCMode.jpg 900w, https:\/\/www.systel.de\/wp-content\/uploads\/Images\/Aktuelles\/18.03.2020\/click2dial5_PCMode-300x169.jpg 300w, https:\/\/www.systel.de\/wp-content\/uploads\/Images\/Aktuelles\/18.03.2020\/click2dial5_PCMode-768x432.jpg 768w, https:\/\/www.systel.de\/wp-content\/uploads\/Images\/Aktuelles\/18.03.2020\/click2dial5_PCMode-500x281.jpg 500w, https:\/\/www.systel.de\/wp-content\/uploads\/Images\/Aktuelles\/18.03.2020\/click2dial5_PCMode-800x450.jpg 800w\" sizes=\"auto, (max-width: 900px) 100vw, 900px\" \/><\/p>\n<p><img loading=\"lazy\" decoding=\"async\" class=\"aligncenter size-full wp-image-4275\" src=\"https:\/\/www.systel.de\/wp-content\/uploads\/Images\/Aktuelles\/18.03.2020\/click2dial5_PSTNMode.jpg\" alt=\"\" width=\"900\" height=\"506\" srcset=\"https:\/\/www.systel.de\/wp-content\/uploads\/Images\/Aktuelles\/18.03.2020\/click2dial5_PSTNMode.jpg 900w, https:\/\/www.systel.de\/wp-content\/uploads\/Images\/Aktuelles\/18.03.2020\/click2dial5_PSTNMode-300x169.jpg 300w, https:\/\/www.systel.de\/wp-content\/uploads\/Images\/Aktuelles\/18.03.2020\/click2dial5_PSTNMode-768x432.jpg 768w, https:\/\/www.systel.de\/wp-content\/uploads\/Images\/Aktuelles\/18.03.2020\/click2dial5_PSTNMode-500x281.jpg 500w, https:\/\/www.systel.de\/wp-content\/uploads\/Images\/Aktuelles\/18.03.2020\/click2dial5_PSTNMode-800x450.jpg 800w\" sizes=\"auto, (max-width: 900px) 100vw, 900px\" \/><\/p>\n<p><img decoding=\"async\" class=\"aligncenter size-full wp-image-4275\" src=\"https:\/\/www.systel.de\/wp-content\/uploads\/2023\/09\/click2dial5_AgentMode_neu.png\" alt=\"\" width=\"900\"  \/><\/p>\n<p><img loading=\"lazy\" decoding=\"async\" class=\"aligncenter size-full wp-image-4276\" src=\"https:\/\/www.systel.de\/wp-content\/uploads\/Images\/Aktuelles\/18.03.2020\/click2dial5_DesksharingMode.jpg\" alt=\"\" width=\"900\" height=\"506\" srcset=\"https:\/\/www.systel.de\/wp-content\/uploads\/Images\/Aktuelles\/18.03.2020\/click2dial5_DesksharingMode.jpg 900w, https:\/\/www.systel.de\/wp-content\/uploads\/Images\/Aktuelles\/18.03.2020\/click2dial5_DesksharingMode-300x169.jpg 300w, https:\/\/www.systel.de\/wp-content\/uploads\/Images\/Aktuelles\/18.03.2020\/click2dial5_DesksharingMode-768x432.jpg 768w, https:\/\/www.systel.de\/wp-content\/uploads\/Images\/Aktuelles\/18.03.2020\/click2dial5_DesksharingMode-500x281.jpg 500w, https:\/\/www.systel.de\/wp-content\/uploads\/Images\/Aktuelles\/18.03.2020\/click2dial5_DesksharingMode-800x450.jpg 800w\" sizes=\"auto, (max-width: 900px) 100vw, 900px\" \/><\/p>\n<p>Bei Bedarf finden wir mit Sicherheit auch die richtige L\u00f6sung f\u00fcr Sie.<br \/>\nF\u00fcr Fragen stehen wir Ihnen gerne zur Verf\u00fcgung unter <a href=\"tel:+4970314161680\">+49 7031 416168-0<\/a> oder senden Sie eine E-Mail an <a href=\"mailto:vertrieb@systel.de\">vertrieb@systel.de<\/a><\/p>\n","protected":false},"excerpt":{"rendered":"<p>Homeoffice Arbeitspl\u00e4tze mit click2dial5 alle Kontakte aus verschiedenen Datenquellen (TK-Kontakte, ODBC, LDAP, Outlook, IBM Notes) im B\u00fcro und zu Hause verf\u00fcgbar Anmeldung im Call Center m\u00f6glich Call Center-, Kalender-, Statusinformationen in der Teamansicht verf\u00fcgbar in Verbindung mit einem Desksharing Benutzer m\u00f6glich Ziel ist im PSTN oder Nomadic Mode frei definierbar (Handy, Private Rufnummer, Hotel\u2026) ein [&hellip;]<\/p>\n","protected":false},"author":5,"featured_media":0,"parent":2304,"menu_order":0,"comment_status":"closed","ping_status":"closed","template":"","meta":{"_crdt_document":"","footnotes":""},"class_list":["post-7455","page","type-page","status-publish","hentry"],"translation":{"provider":"WPGlobus","version":"3.0.2","language":"en","enabled_languages":["de","en"],"languages":{"de":{"title":true,"content":true,"excerpt":false},"en":{"title":false,"content":false,"excerpt":false}}},"post_mailing_queue_ids":[],"_links":{"self":[{"href":"https:\/\/www.systel.de\/en\/wp-json\/wp\/v2\/pages\/7455","targetHints":{"allow":["GET"]}}],"collection":[{"href":"https:\/\/www.systel.de\/en\/wp-json\/wp\/v2\/pages"}],"about":[{"href":"https:\/\/www.systel.de\/en\/wp-json\/wp\/v2\/types\/page"}],"author":[{"embeddable":true,"href":"https:\/\/www.systel.de\/en\/wp-json\/wp\/v2\/users\/5"}],"replies":[{"embeddable":true,"href":"https:\/\/www.systel.de\/en\/wp-json\/wp\/v2\/comments?post=7455"}],"version-history":[{"count":0,"href":"https:\/\/www.systel.de\/en\/wp-json\/wp\/v2\/pages\/7455\/revisions"}],"up":[{"embeddable":true,"href":"https:\/\/www.systel.de\/en\/wp-json\/wp\/v2\/pages\/2304"}],"wp:attachment":[{"href":"https:\/\/www.systel.de\/en\/wp-json\/wp\/v2\/media?parent=7455"}],"curies":[{"name":"wp","href":"https:\/\/api.w.org\/{rel}","templated":true}]}}