{"id":2616,"date":"2018-04-17T09:37:38","date_gmt":"2018-04-17T08:37:38","guid":{"rendered":"https:\/\/www.sys-tel.de\/?page_id=2616"},"modified":"2022-12-28T11:19:59","modified_gmt":"2022-12-28T10:19:59","slug":"sys-collection-installation","status":"publish","type":"page","link":"https:\/\/www.systel.de\/en\/dokumentation\/sys-collection-installation\/","title":{"rendered":"Deutsch"},"content":{"rendered":"<h1>sys-Collection Installation<\/h1>\n<p>&nbsp;<\/p>\n<p><strong>Inhaltsverzeichnis<\/strong><\/p>\n<p><a href=\"#post-2616-_Toc511825726\">Voraussetzung<\/a><\/p>\n<p><a href=\"#post-2616-_Toc511825727\">Installation<\/a><\/p>\n<p><a href=\"#post-2616-_Toc511825728\">Lizenz<\/a><\/p>\n<p><a href=\"#post-2616-_Toc511825729\">Erste Konfiguration<\/a><\/p>\n<p><a href=\"#post-2616-_Toc511825730\">Ports<\/a><\/p>\n<h2><a id=\"post-2616-_Toc511825726\"><\/a>Voraussetzung<\/h2>\n<p><a id=\"post-2616-OLE_LINK2\"><\/a><a id=\"post-2616-OLE_LINK3\"><\/a><a id=\"post-2616-OLE_LINK4\"><\/a><strong>Minimal<\/strong><\/p>\n<p><strong>Betriebssystem<\/strong><\/p>\n<p><a id=\"post-2616-OLE_LINK7\"><\/a><a id=\"post-2616-OLE_LINK8\"><\/a><a id=\"post-2616-OLE_LINK9\"><\/a><a id=\"post-2616-OLE_LINK10\"><\/a><br \/>\nWindows 7, Windows 10, Windows Server 2008 R2, Windows Server 2012 R2<\/p>\n<p><a id=\"post-2616-OLE_LINK1\"><\/a><strong>.Net Version<\/strong><\/p>\n<p>4.5.2<\/p>\n<p><strong>CPU<\/strong><\/p>\n<p>2 x 2,2 Ghz<\/p>\n<p><strong>RAM<\/strong><\/p>\n<p>2 GigaByte<\/p>\n<p><strong>Festplatte<\/strong><\/p>\n<p>1 GigaByte<\/p>\n<p><strong>Internet<\/strong><\/p>\n<p>Von Vorteil<\/p>\n<p><strong>Empfohlen (User &lt; 1000)<\/strong><\/p>\n<p><strong>Betriebssystem<\/strong><\/p>\n<p>Windows Server 2008 R2, Windows Server 2012 R2<\/p>\n<p><strong>.Net Version<\/strong><\/p>\n<p>4.5.2<\/p>\n<p><strong>CPU <\/strong><\/p>\n<p>2 x 2,2 Ghz<\/p>\n<p><strong>RAM<\/strong><\/p>\n<p>4 GigaByte<\/p>\n<p><a id=\"post-2616-OLE_LINK31\"><\/a><a id=\"post-2616-OLE_LINK32\"><\/a><strong>Festplatte<\/strong><\/p>\n<p>10 GigaByte<\/p>\n<p><a id=\"post-2616-OLE_LINK35\"><\/a><a id=\"post-2616-OLE_LINK36\"><\/a><a id=\"post-2616-OLE_LINK37\"><\/a><strong>Internet<\/strong><\/p>\n<p>Ja<\/p>\n<h2><a id=\"post-2616-_Toc511813260\"><\/a><a id=\"post-2616-OLE_LINK11\"><\/a><a id=\"post-2616-OLE_LINK12\"><\/a><a id=\"post-2616-_Toc511825727\"><\/a>Installation<\/h2>\n<p>F\u00fchren Sie das Setup aus und folgen Sie den Anweisungen.<\/p>\n<h2><a id=\"post-2616-_Toc511825728\"><\/a>Lizenz<\/h2>\n<p>Starten Sie den sys-Collection Manager (Desktop Icon).<\/p>\n<p><img loading=\"lazy\" decoding=\"async\" width=\"595\" height=\"228\" class=\"wp-image-2638\" src=\"https:\/\/www.systel.de\/wp-content\/uploads\/2018\/04\/word-image.png\" srcset=\"https:\/\/www.systel.de\/wp-content\/uploads\/2018\/04\/word-image.png 595w, https:\/\/www.systel.de\/wp-content\/uploads\/2018\/04\/word-image-300x115.png 300w\" sizes=\"auto, (max-width: 595px) 100vw, 595px\" \/><\/p>\n<p>Wenn Ihr Server \u00fcber eine aktive Internetverbindung verf\u00fcgt, wird automatisch eine 30-Tage Testlizenz angefordert.<\/p>\n<p>Ansonsten wird folgender Dialog angezeigt:<\/p>\n<p><img loading=\"lazy\" decoding=\"async\" width=\"728\" height=\"664\" class=\"wp-image-2639\" src=\"https:\/\/www.systel.de\/wp-content\/uploads\/2018\/04\/word-image-1.png\" srcset=\"https:\/\/www.systel.de\/wp-content\/uploads\/2018\/04\/word-image-1.png 728w, https:\/\/www.systel.de\/wp-content\/uploads\/2018\/04\/word-image-1-300x274.png 300w\" sizes=\"auto, (max-width: 728px) 100vw, 728px\" \/><\/p>\n<p>\u00dcber unsere Webseite <a href=\"https:\/\/www.systel.de\/support\/lizenz\/\">https:\/\/www.systel.de\/support\/lizenz\/<\/a> k\u00f6nnen Sie ihre Testlizenz direkt downloaden. Tragen Sie hierzu den erzeugten Installationscode in das untere Textfeld ein und dr\u00fccken Sie die Taste Download.<\/p>\n<p><img loading=\"lazy\" decoding=\"async\" width=\"549\" height=\"471\" class=\"wp-image-2640\" src=\"https:\/\/www.systel.de\/wp-content\/uploads\/2018\/04\/word-image-2.png\" srcset=\"https:\/\/www.systel.de\/wp-content\/uploads\/2018\/04\/word-image-2.png 549w, https:\/\/www.systel.de\/wp-content\/uploads\/2018\/04\/word-image-2-300x257.png 300w\" sizes=\"auto, (max-width: 549px) 100vw, 549px\" \/><\/p>\n<p>Das heruntergeladene Lizenzfile legen Sie bitte in das Verzeichnis \u201aC:sys-Collection Datalic\u2018 und starten den Manager erneut.<\/p>\n<h2><a id=\"post-2616-_Toc511825729\"><\/a>Erste Konfiguration<\/h2>\n<p>Tragen Sie die Server IP oder FQDN, Administrator und Passwort unter System f\u00fcr OpenTouch und OmniVista ein.<\/p>\n<p><img loading=\"lazy\" decoding=\"async\" width=\"853\" height=\"633\" class=\"wp-image-2641\" src=\"https:\/\/www.systel.de\/wp-content\/uploads\/2018\/04\/word-image-3.png\" srcset=\"https:\/\/www.systel.de\/wp-content\/uploads\/2018\/04\/word-image-3.png 853w, https:\/\/www.systel.de\/wp-content\/uploads\/2018\/04\/word-image-3-300x223.png 300w, https:\/\/www.systel.de\/wp-content\/uploads\/2018\/04\/word-image-3-768x570.png 768w\" sizes=\"auto, (max-width: 853px) 100vw, 853px\" \/><\/p>\n<p>Speichern Sie die Einstellungen und f\u00fchren Sie eine Synchronisation \u00fcber die Taste Sync durch. Nach der <a id=\"post-2616-OLE_LINK42\"><\/a><a id=\"post-2616-OLE_LINK43\"><\/a>Synchronisation k\u00f6nnen Sie unter DatabasesOmniVista 8770 und click2dial5Users die synchronisierten Elemente \u00fcberpr\u00fcfen.<\/p>\n<h2><a id=\"post-2616-_Toc511813261\"><\/a><a id=\"post-2616-OLE_LINK40\"><\/a><a id=\"post-2616-OLE_LINK41\"><\/a><a id=\"post-2616-_Toc511825730\"><\/a>Ports<\/h2>\n<p><img loading=\"lazy\" decoding=\"async\" width=\"611\" height=\"123\" class=\"wp-image-2642\" src=\"https:\/\/www.systel.de\/wp-content\/uploads\/2018\/04\/word-image-4.png\" srcset=\"https:\/\/www.systel.de\/wp-content\/uploads\/2018\/04\/word-image-4.png 611w, https:\/\/www.systel.de\/wp-content\/uploads\/2018\/04\/word-image-4-300x60.png 300w\" sizes=\"auto, (max-width: 611px) 100vw, 611px\" \/><\/p>\n","protected":false},"excerpt":{"rendered":"<p>sys-Collection Installation &nbsp; Inhaltsverzeichnis Voraussetzung Installation Lizenz Erste Konfiguration Ports Voraussetzung Minimal Betriebssystem Windows 7, Windows 10, Windows Server 2008 R2, Windows Server 2012 R2 .Net Version 4.5.2 CPU 2 x 2,2 Ghz RAM 2 GigaByte Festplatte 1 GigaByte Internet Von Vorteil Empfohlen (User &lt; 1000) Betriebssystem Windows Server 2008 R2, Windows Server 2012 R2 [&hellip;]<\/p>\n","protected":false},"author":2,"featured_media":0,"parent":2613,"menu_order":0,"comment_status":"closed","ping_status":"closed","template":"","meta":{"_crdt_document":"","footnotes":""},"class_list":["post-2616","page","type-page","status-publish","hentry"],"translation":{"provider":"WPGlobus","version":"3.0.2","language":"en","enabled_languages":["de","en"],"languages":{"de":{"title":true,"content":true,"excerpt":false},"en":{"title":true,"content":false,"excerpt":false}}},"post_mailing_queue_ids":[],"_links":{"self":[{"href":"https:\/\/www.systel.de\/en\/wp-json\/wp\/v2\/pages\/2616","targetHints":{"allow":["GET"]}}],"collection":[{"href":"https:\/\/www.systel.de\/en\/wp-json\/wp\/v2\/pages"}],"about":[{"href":"https:\/\/www.systel.de\/en\/wp-json\/wp\/v2\/types\/page"}],"author":[{"embeddable":true,"href":"https:\/\/www.systel.de\/en\/wp-json\/wp\/v2\/users\/2"}],"replies":[{"embeddable":true,"href":"https:\/\/www.systel.de\/en\/wp-json\/wp\/v2\/comments?post=2616"}],"version-history":[{"count":0,"href":"https:\/\/www.systel.de\/en\/wp-json\/wp\/v2\/pages\/2616\/revisions"}],"up":[{"embeddable":true,"href":"https:\/\/www.systel.de\/en\/wp-json\/wp\/v2\/pages\/2613"}],"wp:attachment":[{"href":"https:\/\/www.systel.de\/en\/wp-json\/wp\/v2\/media?parent=2616"}],"curies":[{"name":"wp","href":"https:\/\/api.w.org\/{rel}","templated":true}]}}